{"id":345,"date":"2025-01-29T20:19:18","date_gmt":"2025-01-29T20:19:18","guid":{"rendered":"https:\/\/bold-borg.213-165-87-170.plesk.page\/?page_id=345"},"modified":"2025-01-29T20:23:59","modified_gmt":"2025-01-29T20:23:59","slug":"mentions-legales","status":"publish","type":"page","link":"https:\/\/samsarcar.fr\/?page_id=345","title":{"rendered":"Mentions l\u00e9gales"},"content":{"rendered":"\t\t<div data-elementor-type=\"wp-page\" data-elementor-id=\"345\" class=\"elementor elementor-345\" data-elementor-settings=\"{&quot;element_pack_global_tooltip_width&quot;:{&quot;unit&quot;:&quot;px&quot;,&quot;size&quot;:&quot;&quot;,&quot;sizes&quot;:[]},&quot;element_pack_global_tooltip_width_tablet&quot;:{&quot;unit&quot;:&quot;px&quot;,&quot;size&quot;:&quot;&quot;,&quot;sizes&quot;:[]},&quot;element_pack_global_tooltip_width_mobile&quot;:{&quot;unit&quot;:&quot;px&quot;,&quot;size&quot;:&quot;&quot;,&quot;sizes&quot;:[]},&quot;element_pack_global_tooltip_padding&quot;:{&quot;unit&quot;:&quot;px&quot;,&quot;top&quot;:&quot;&quot;,&quot;right&quot;:&quot;&quot;,&quot;bottom&quot;:&quot;&quot;,&quot;left&quot;:&quot;&quot;,&quot;isLinked&quot;:true},&quot;element_pack_global_tooltip_padding_tablet&quot;:{&quot;unit&quot;:&quot;px&quot;,&quot;top&quot;:&quot;&quot;,&quot;right&quot;:&quot;&quot;,&quot;bottom&quot;:&quot;&quot;,&quot;left&quot;:&quot;&quot;,&quot;isLinked&quot;:true},&quot;element_pack_global_tooltip_padding_mobile&quot;:{&quot;unit&quot;:&quot;px&quot;,&quot;top&quot;:&quot;&quot;,&quot;right&quot;:&quot;&quot;,&quot;bottom&quot;:&quot;&quot;,&quot;left&quot;:&quot;&quot;,&quot;isLinked&quot;:true},&quot;element_pack_global_tooltip_border_radius&quot;:{&quot;unit&quot;:&quot;px&quot;,&quot;top&quot;:&quot;&quot;,&quot;right&quot;:&quot;&quot;,&quot;bottom&quot;:&quot;&quot;,&quot;left&quot;:&quot;&quot;,&quot;isLinked&quot;:true},&quot;element_pack_global_tooltip_border_radius_tablet&quot;:{&quot;unit&quot;:&quot;px&quot;,&quot;top&quot;:&quot;&quot;,&quot;right&quot;:&quot;&quot;,&quot;bottom&quot;:&quot;&quot;,&quot;left&quot;:&quot;&quot;,&quot;isLinked&quot;:true},&quot;element_pack_global_tooltip_border_radius_mobile&quot;:{&quot;unit&quot;:&quot;px&quot;,&quot;top&quot;:&quot;&quot;,&quot;right&quot;:&quot;&quot;,&quot;bottom&quot;:&quot;&quot;,&quot;left&quot;:&quot;&quot;,&quot;isLinked&quot;:true}}\" data-elementor-post-type=\"page\">\n\t\t\t\t<div class=\"elementor-element elementor-element-1a9bd40a e-flex e-con-boxed e-con e-parent\" data-id=\"1a9bd40a\" data-element_type=\"container\">\n\t\t\t\t\t<div class=\"e-con-inner\">\n\t\t\t\t<div class=\"elementor-element elementor-element-3e9a7eb8 elementor-widget elementor-widget-text-editor\" data-id=\"3e9a7eb8\" data-element_type=\"widget\" data-widget_type=\"text-editor.default\">\n\t\t\t\t<div class=\"elementor-widget-container\">\n\t\t\t\t\t\t\t<!-- wp:heading -->\n<p data-pm-slice=\"1 1 []\"><strong>MENTIONS L\u00c9GALES<\/strong><\/p>\n<p><strong>1. \u00c9DITEUR DU SITE<\/strong> Le pr\u00e9sent site est \u00e9dit\u00e9 par la soci\u00e9t\u00e9 <strong>SASU SAM SAR CAR<\/strong>, immatricul\u00e9e au Registre du Commerce et des Soci\u00e9t\u00e9s sous le num\u00e9ro <strong>891 590 653 00011<\/strong>.<\/p>\n<ul data-spread=\"false\">\n<li>\n<p><strong>Si\u00e8ge social<\/strong> : 59 all\u00e9es Jean Jaur\u00e8s, CS 215531, 31015 Toulouse Cedex 6, France<\/p>\n<\/li>\n<li>\n<p><strong>E-mail<\/strong> : <a>contactsscar@gmail.com<\/a><\/p>\n<\/li>\n<li>\n<p><strong>Directeur de la publication<\/strong> : [Nom du responsable]<\/p>\n<\/li>\n<li>\n<p><strong>H\u00e9bergeur du site<\/strong> : [Nom et adresse de l\u2019h\u00e9bergeur]<\/p>\n<\/li>\n<\/ul>\n<p><strong>2. PROPRI\u00c9T\u00c9 INTELLECTUELLE<\/strong> L&rsquo;ensemble des contenus (textes, images, graphismes, logos, ic\u00f4nes, etc.) pr\u00e9sents sur ce site est prot\u00e9g\u00e9 par le droit d&rsquo;auteur et la propri\u00e9t\u00e9 intellectuelle. Toute reproduction, distribution ou utilisation sans autorisation expresse est interdite.<\/p>\n<p><strong>3. DONN\u00c9ES PERSONNELLES ET COOKIES<\/strong> Conform\u00e9ment \u00e0 la loi Informatique et Libert\u00e9s et au RGPD, les informations collect\u00e9es sur ce site sont destin\u00e9es \u00e0 un usage interne. Vous disposez d&rsquo;un droit d&rsquo;acc\u00e8s, de rectification et de suppression de vos donn\u00e9es en contactant <a><strong>contactsscar@gmail.com<\/strong><\/a>.<\/p>\n<p>Le site utilise des cookies afin d&rsquo;am\u00e9liorer l&rsquo;exp\u00e9rience utilisateur. Vous pouvez g\u00e9rer vos pr\u00e9f\u00e9rences via les param\u00e8tres de votre navigateur.<\/p>\n<p><strong>4. RESPONSABILIT\u00c9<\/strong> SASU SAM SAR CAR ne saurait \u00eatre tenu responsable des \u00e9ventuelles interruptions du site, des erreurs ou omissions dans les informations publi\u00e9es, ni des dommages r\u00e9sultant d&rsquo;une utilisation frauduleuse par un tiers.<\/p>\n<p><strong>5. DROIT APPLICABLE<\/strong> Les pr\u00e9sentes mentions l\u00e9gales sont soumises au droit fran\u00e7ais. En cas de litige, les tribunaux comp\u00e9tents seront ceux du ressort de Toulouse.<\/p>\n<p>Pour toute question ou r\u00e9clamation, veuillez contacter <a><strong>contactsscar@gmail.com<\/strong><\/a>.<\/p>\t\t\t\t\t\t<\/div>\n\t\t\t\t<\/div>\n\t\t\t\t\t<\/div>\n\t\t\t\t<\/div>\n\t\t\t\t<\/div>\n\t\t","protected":false},"excerpt":{"rendered":"<p>MENTIONS L\u00c9GALES 1. \u00c9DITEUR DU SITE Le pr\u00e9sent site est \u00e9dit\u00e9 par la soci\u00e9t\u00e9 SASU SAM SAR CAR, immatricul\u00e9e au Registre du [&hellip;]<\/p>\n","protected":false},"author":1,"featured_media":0,"parent":0,"menu_order":0,"comment_status":"closed","ping_status":"closed","template":"","meta":{"footnotes":""},"class_list":["post-345","page","type-page","status-publish","hentry"],"_links":{"self":[{"href":"https:\/\/samsarcar.fr\/index.php?rest_route=\/wp\/v2\/pages\/345","targetHints":{"allow":["GET"]}}],"collection":[{"href":"https:\/\/samsarcar.fr\/index.php?rest_route=\/wp\/v2\/pages"}],"about":[{"href":"https:\/\/samsarcar.fr\/index.php?rest_route=\/wp\/v2\/types\/page"}],"author":[{"embeddable":true,"href":"https:\/\/samsarcar.fr\/index.php?rest_route=\/wp\/v2\/users\/1"}],"replies":[{"embeddable":true,"href":"https:\/\/samsarcar.fr\/index.php?rest_route=%2Fwp%2Fv2%2Fcomments&post=345"}],"version-history":[{"count":7,"href":"https:\/\/samsarcar.fr\/index.php?rest_route=\/wp\/v2\/pages\/345\/revisions"}],"predecessor-version":[{"id":353,"href":"https:\/\/samsarcar.fr\/index.php?rest_route=\/wp\/v2\/pages\/345\/revisions\/353"}],"wp:attachment":[{"href":"https:\/\/samsarcar.fr\/index.php?rest_route=%2Fwp%2Fv2%2Fmedia&parent=345"}],"curies":[{"name":"wp","href":"https:\/\/api.w.org\/{rel}","templated":true}]}}